{"id":8753,"date":"2025-02-18T18:05:06","date_gmt":"2025-02-18T18:05:06","guid":{"rendered":"https:\/\/www.lamanepartners.com\/?page_id=8753"},"modified":"2025-05-07T01:31:36","modified_gmt":"2025-05-07T01:31:36","slug":"mentions-legales","status":"publish","type":"page","link":"https:\/\/www.lamanepartners.com\/en\/mentions-legales\/","title":{"rendered":"Legal Notices"},"content":{"rendered":"<div data-elementor-type=\"wp-page\" data-elementor-id=\"8753\" class=\"elementor elementor-8753\">\n\t\t\t\t<div class=\"elementor-element elementor-element-1b68bedb e-flex e-con-boxed e-con e-parent\" data-id=\"1b68bedb\" data-element_type=\"container\" data-e-type=\"container\" data-settings=\"{&quot;background_background&quot;:&quot;classic&quot;}\">\n\t\t\t\t\t<div class=\"e-con-inner\">\n\t\t\t\t<div class=\"elementor-element elementor-element-473bf5d3 elementor-widget elementor-widget-page-title\" data-id=\"473bf5d3\" data-element_type=\"widget\" data-e-type=\"widget\" data-settings=\"{&quot;align&quot;:&quot;center&quot;}\" data-widget_type=\"page-title.default\">\n\t\t\t\t<div class=\"elementor-widget-container\">\n\t\t\t\t\t\t\t\n\t\t<div class=\"hfe-page-title hfe-page-title-wrapper elementor-widget-heading\">\n\n\t\t\t\t\t\t\t\t\t\t\t<a href=\"https:\/\/www.lamanepartners.com\/en\">\n\t\t\t\t\t\t<h1 class=\"elementor-heading-title elementor-size-default\">\n\t\t\t\t\t\t\t\t\n\t\t\t\tLegal Notices  \n\t\t\t<\/h1> \n\t\t\t\t\t\t\t\t\t<\/a>\n\t\t\t\t\t<\/div>\n\t\t\t\t\t\t<\/div>\n\t\t\t\t<\/div>\n\t\t\t\t<div class=\"elementor-element elementor-element-7feab77e elementor-widget elementor-widget-hfe-breadcrumbs-widget\" data-id=\"7feab77e\" data-element_type=\"widget\" data-e-type=\"widget\" data-widget_type=\"hfe-breadcrumbs-widget.default\">\n\t\t\t\t<div class=\"elementor-widget-container\">\n\t\t\t\t\t<nav aria-label=\"Breadcrumb\"><ul class=\"hfe-breadcrumbs hfe-breadcrumbs-show-home\"><li class=\"hfe-breadcrumbs-item hfe-breadcrumbs-first\"><span class=\"hfe-breadcrumbs-home-icon\"><svg aria-hidden=\"true\" class=\"e-font-icon-svg e-fas-home\" viewbox=\"0 0 576 512\" xmlns=\"http:\/\/www.w3.org\/2000\/svg\"><path d=\"M280.37 148.26L96 300.11V464a16 16 0 0 0 16 16l112.06-.29a16 16 0 0 0 15.92-16V368a16 16 0 0 1 16-16h64a16 16 0 0 1 16 16v95.64a16 16 0 0 0 16 16.05L464 480a16 16 0 0 0 16-16V300L295.67 148.26a12.19 12.19 0 0 0-15.3 0zM571.6 251.47L488 182.56V44.05a12 12 0 0 0-12-12h-56a12 12 0 0 0-12 12v72.61L318.47 43a48 48 0 0 0-61 0L4.34 251.47a12 12 0 0 0-1.6 16.9l25.5 31A12 12 0 0 0 45.15 301l235.22-193.74a12.19 12.19 0 0 1 15.3 0L530.9 301a12 12 0 0 0 16.9-1.6l25.5-31a12 12 0 0 0-1.7-16.93z\"><\/path><\/svg><\/span><a href=\"https:\/\/www.lamanepartners.com\/en\"><span class=\"hfe-breadcrumbs-text\">Home<\/span><\/a><\/li><\/ul><\/nav>\t\t\t\t<\/div>\n\t\t\t\t<\/div>\n\t\t\t\t\t<\/div>\n\t\t\t\t<\/div>\n\t\t<div class=\"elementor-element elementor-element-4feef54 e-flex e-con-boxed e-con e-parent\" data-id=\"4feef54\" data-element_type=\"container\" data-e-type=\"container\">\n\t\t\t\t\t<div class=\"e-con-inner\">\n\t\t\t\t<div class=\"elementor-element elementor-element-79b7723 elementor-widget elementor-widget-text-editor\" data-id=\"79b7723\" data-element_type=\"widget\" data-e-type=\"widget\" data-widget_type=\"text-editor.default\">\n\t\t\t\t<div class=\"elementor-widget-container\">\n\t\t\t\t\t\t\t\t\t<p class=\"translation-block\"><strong>The website \u201clamanepartners.com\u201d is the property of Lamane Partners, a single-member limited liability company (SARL) <\/strong> with its registered office located at <strong>12, Boulevard Djily Mbaye, Dakar, Senegal<\/strong>, registered with the Trade and Personal Property Credit Register under number <strong>SN DKR 2024 B 25386.<\/strong><\/p>\n<p class=\"translation-block\">The website <strong>lamanepartners.com<\/strong> is governed by Senegalese law. Users accessing the website from abroad must ensure compliance with locally applicable laws.<\/p>\n<p>These legal notices may be modified at any time without prior notice; users are therefore invited to consult them regularly.<\/p>\n<p><strong>Nature of the information available on the website:<\/strong><\/p>\n<p class=\"translation-block\">The information published on this website is provided for indicative and informational purposes only. <strong>Lamane Partners<\/strong> pays particular attention to the reliability of the information published on its website. Users are therefore invited to report any omissions, errors, inaccuracies, or questions relating to the content or use of the website at the following address: <strong>reclamations@lamanepartners.com<\/strong><\/p>\n<p><strong>Intellectual Property Rights<\/strong><\/p>\n<p class=\"translation-block\">Unless otherwise stated, Lamane Partners owns the copyright to the content of the website. All components of this website (structure, texts, images, logos, databases, etc.) are the full and exclusive property of Lamane Partners.\n\nReproduction of all or part of the content published on the website is permitted only subject to the following cumulative conditions:<br>\n\n1. Free distribution;<br>\n2. Clear citation of the source of the reproduced content: lamanepartners.com;<br>\n3. Respect for the integrity of the reproduced content.<br><\/p>\n<p><strong>Personal Data Processing<\/strong><\/p>\n<p class=\"translation-block\">Any user of the website, by completing forms provided by <strong>Lamane Partners<\/strong>, consents to and accepts the processing of their personal data in accordance with applicable laws and regulations.<br>\n\nNo personal information is collected without your knowledge or shared with third parties.<br>\n\n<strong> Lamane Partners<\/strong>  also provides users with the possibility to request the modification, correction, and\/or deletion of their personal data by sending an email to reclamations@lamanepartners.com or a written request to: <strong> AfricaWorks Senegal \u2013 All\u00e9es Seydou Nourou Tall, Point E \u2013 Dakar.<\/strong><\/p>\n<p><strong>Scope of Content<\/strong><\/p>\n<p class=\"translation-block\">The publication of documents from external sources does not engage the responsibility of <strong>Lamane Partners<\/strong>; such documents are provided for informational purposes only.<\/p>\n<p><strong>Dispute Resolution<\/strong><\/p>\n<p class=\"translation-block\">In the event of a dispute regarding the content of the <strong>Lamane Partners<\/strong> website, and failing an amicable settlement, the dispute shall fall under the exclusive jurisdiction of the courts of Dakar.<\/p>\n<p><strong>\u00a0<\/strong><strong>Hyperlinks<\/strong><\/p>\n<p class=\"translation-block\">The <strong> lamanepartners.com<\/strong>  website contains hyperlinks to external websites that are not published by <strong> Lamane Partners<\/strong> . Accordingly, Lamane Partners shall not be held liable for the content of such third-party websites.<\/p>\n<p><strong>\u00a0<\/strong><strong>Cookies :<\/strong><\/p>\n<p>Users are informed that, during their visits to the website, cookies may be automatically installed and temporarily stored in memory or on their hard drive. A cookie does not identify the user but is used to record information relating to their browsing activity on the website.<\/p>\n<p><strong>\u00a0<\/strong><strong>Credit :<\/strong><\/p>\n<p class=\"translation-block\">The <strong>lamanepartners.com<\/strong> website is developed by <strong>MS MEDIA SENEGAL<\/strong>.<\/p>\n<p>Website:\u00a0<a href=\"https:\/\/www.ms-media.pro\/\">https:\/\/www.ms-media.pro<\/a>\u00a0<\/p>\n\t\t\t\t\t\t\t\t<\/div>\n\t\t\t\t<\/div>\n\t\t\t\t\t<\/div>\n\t\t\t\t<\/div>\n\t\t\t\t<\/div>","protected":false},"excerpt":{"rendered":"<p>Mentions l\u00e9gales Home Le site web \u00ablamanepartners.com \u00bb est la propri\u00e9t\u00e9 de Lamane Partners , soci\u00e9t\u00e9 unipersonnelle \u00e0 responsabilit\u00e9 limit\u00e9e ayant son si\u00e8ge social sis au 12, boulevard Djily Mbaye, Dakar, S\u00e9n\u00e9gal, immatricul\u00e9e au registre du commerce et du cr\u00e9dit mobilier sous le num\u00e9ro SN DKR 2024 B 25386. Le site lamanepartners.com\u00a0est r\u00e9gi par le<\/p>","protected":false},"author":1,"featured_media":0,"parent":0,"menu_order":0,"comment_status":"closed","ping_status":"closed","template":"","meta":{"footnotes":""},"class_list":["post-8753","page","type-page","status-publish","hentry"],"_links":{"self":[{"href":"https:\/\/www.lamanepartners.com\/en\/wp-json\/wp\/v2\/pages\/8753","targetHints":{"allow":["GET"]}}],"collection":[{"href":"https:\/\/www.lamanepartners.com\/en\/wp-json\/wp\/v2\/pages"}],"about":[{"href":"https:\/\/www.lamanepartners.com\/en\/wp-json\/wp\/v2\/types\/page"}],"author":[{"embeddable":true,"href":"https:\/\/www.lamanepartners.com\/en\/wp-json\/wp\/v2\/users\/1"}],"replies":[{"embeddable":true,"href":"https:\/\/www.lamanepartners.com\/en\/wp-json\/wp\/v2\/comments?post=8753"}],"version-history":[{"count":10,"href":"https:\/\/www.lamanepartners.com\/en\/wp-json\/wp\/v2\/pages\/8753\/revisions"}],"predecessor-version":[{"id":8933,"href":"https:\/\/www.lamanepartners.com\/en\/wp-json\/wp\/v2\/pages\/8753\/revisions\/8933"}],"wp:attachment":[{"href":"https:\/\/www.lamanepartners.com\/en\/wp-json\/wp\/v2\/media?parent=8753"}],"curies":[{"name":"wp","href":"https:\/\/api.w.org\/{rel}","templated":true}]}}