{"id":8675,"date":"2025-02-16T03:35:38","date_gmt":"2025-02-16T03:35:38","guid":{"rendered":"https:\/\/www.lamanepartners.com\/?page_id=8675"},"modified":"2026-04-01T13:49:00","modified_gmt":"2026-04-01T13:49:00","slug":"recrutement","status":"publish","type":"page","link":"https:\/\/www.lamanepartners.com\/en\/recrutement\/","title":{"rendered":"Careers"},"content":{"rendered":"<div data-elementor-type=\"wp-page\" data-elementor-id=\"8675\" class=\"elementor elementor-8675\">\n\t\t\t\t<div class=\"elementor-element elementor-element-35be6d73 e-flex e-con-boxed e-con e-parent\" data-id=\"35be6d73\" data-element_type=\"container\" data-e-type=\"container\" data-settings=\"{&quot;background_background&quot;:&quot;classic&quot;}\">\n\t\t\t\t\t<div class=\"e-con-inner\">\n\t\t\t\t<div class=\"elementor-element elementor-element-66404a0e elementor-widget elementor-widget-page-title\" data-id=\"66404a0e\" data-element_type=\"widget\" data-e-type=\"widget\" data-settings=\"{&quot;align&quot;:&quot;center&quot;}\" data-widget_type=\"page-title.default\">\n\t\t\t\t<div class=\"elementor-widget-container\">\n\t\t\t\t\t\t\t\n\t\t<div class=\"hfe-page-title hfe-page-title-wrapper elementor-widget-heading\">\n\n\t\t\t\t\t\t\t\t\t\t\t<a href=\"https:\/\/www.lamanepartners.com\/en\">\n\t\t\t\t\t\t<h1 class=\"elementor-heading-title elementor-size-default\">\n\t\t\t\t\t\t\t\t\n\t\t\t\tCareers  \n\t\t\t<\/h1> \n\t\t\t\t\t\t\t\t\t<\/a>\n\t\t\t\t\t<\/div>\n\t\t\t\t\t\t<\/div>\n\t\t\t\t<\/div>\n\t\t\t\t<div class=\"elementor-element elementor-element-60cfa167 elementor-widget elementor-widget-hfe-breadcrumbs-widget\" data-id=\"60cfa167\" data-element_type=\"widget\" data-e-type=\"widget\" data-widget_type=\"hfe-breadcrumbs-widget.default\">\n\t\t\t\t<div class=\"elementor-widget-container\">\n\t\t\t\t\t<nav aria-label=\"Breadcrumb\"><ul class=\"hfe-breadcrumbs hfe-breadcrumbs-show-home\"><li class=\"hfe-breadcrumbs-item hfe-breadcrumbs-first\"><span class=\"hfe-breadcrumbs-home-icon\"><svg aria-hidden=\"true\" class=\"e-font-icon-svg e-fas-home\" viewbox=\"0 0 576 512\" xmlns=\"http:\/\/www.w3.org\/2000\/svg\"><path d=\"M280.37 148.26L96 300.11V464a16 16 0 0 0 16 16l112.06-.29a16 16 0 0 0 15.92-16V368a16 16 0 0 1 16-16h64a16 16 0 0 1 16 16v95.64a16 16 0 0 0 16 16.05L464 480a16 16 0 0 0 16-16V300L295.67 148.26a12.19 12.19 0 0 0-15.3 0zM571.6 251.47L488 182.56V44.05a12 12 0 0 0-12-12h-56a12 12 0 0 0-12 12v72.61L318.47 43a48 48 0 0 0-61 0L4.34 251.47a12 12 0 0 0-1.6 16.9l25.5 31A12 12 0 0 0 45.15 301l235.22-193.74a12.19 12.19 0 0 1 15.3 0L530.9 301a12 12 0 0 0 16.9-1.6l25.5-31a12 12 0 0 0-1.7-16.93z\"><\/path><\/svg><\/span><a href=\"https:\/\/www.lamanepartners.com\/en\"><span class=\"hfe-breadcrumbs-text\">Home<\/span><\/a><\/li><\/ul><\/nav>\t\t\t\t<\/div>\n\t\t\t\t<\/div>\n\t\t\t\t\t<\/div>\n\t\t\t\t<\/div>\n\t\t<div class=\"elementor-element elementor-element-61bd729 e-flex e-con-boxed e-con e-parent\" data-id=\"61bd729\" data-element_type=\"container\" data-e-type=\"container\">\n\t\t\t\t\t<div class=\"e-con-inner\">\n\t\t<div class=\"elementor-element elementor-element-1b26509 e-con-full e-flex e-con e-child\" data-id=\"1b26509\" data-element_type=\"container\" data-e-type=\"container\">\n\t\t\t\t<div class=\"elementor-element elementor-element-90ec526 elementor-widget elementor-widget-text-editor\" data-id=\"90ec526\" data-element_type=\"widget\" data-e-type=\"widget\" data-widget_type=\"text-editor.default\">\n\t\t\t\t<div class=\"elementor-widget-container\">\n\t\t\t\t\t\t\t\t\t<p class=\"translation-block\">At Lamane, we believe that the success of our firm relies on the talent and commitment of our teams. We are constantly looking for individuals passionate about business law, ready to take on challenges in a dynamic and demanding environment.<\/p>\n<p class=\"translation-block\">Joining Lamane means becoming part of a team that values excellence, innovation, and collaboration. Whether you are a recent graduate or an experienced professional, we offer you the opportunity to develop your skills through complex and stimulating matters, both locally and internationally.<\/p>\n<p>What we are looking for:<\/p>\n<ol>\n<li style=\"list-style-type: none;\">\n<ol>\n<li style=\"list-style-type: none;\">\n<ol>\n<li>A strong legal education, ideally complemented by experience in business law, M&amp;A, private equity, or finance. <em>private equity<\/em> ou financement.<\/li>\n<li>Strong analytical skills, rigor, and adaptability.<\/li>\n<li>Fluency in French and English.<\/li>\n<li>Motivation to contribute to the growth of a firm expanding in West Africa.<\/li>\n<\/ol>\n<\/li>\n<\/ol>\n<\/li>\n<\/ol>\n<p>What we offer:<\/p>\n<ol>\n<li style=\"list-style-type: none;\">\n<ol>\n<li style=\"list-style-type: none;\">\n<ol>\n<li>Exposure to diverse assignments and prestigious clients.<\/li>\n<li>Support for career development (training, mentorship, mobility).<\/li>\n<li>A stimulating work environment based in Dakar, with a strong international focus.<\/li>\n<\/ol>\n<\/li>\n<\/ol>\n<\/li>\n<\/ol>\n<p class=\"translation-block\">Application: Please send your CV and a cover letter to tdiouf@lamanepartners.com. We look forward to connecting with you and exploring opportunities within our firm.<\/p>\n\t\t\t\t\t\t\t\t<\/div>\n\t\t\t\t<\/div>\n\t\t\t\t<\/div>\n\t\t<div class=\"elementor-element elementor-element-6cca7a2 e-con-full e-flex e-con e-child\" data-id=\"6cca7a2\" data-element_type=\"container\" data-e-type=\"container\">\n\t\t\t\t<div class=\"elementor-element elementor-element-7eee191 elementor-widget elementor-widget-image\" data-id=\"7eee191\" data-element_type=\"widget\" data-e-type=\"widget\" data-widget_type=\"image.default\">\n\t\t\t\t<div class=\"elementor-widget-container\">\n\t\t\t\t\t\t\t\t\t\t\t\t\t\t\t<img fetchpriority=\"high\" decoding=\"async\" width=\"730\" height=\"1024\" src=\"https:\/\/www.lamanepartners.com\/wp-content\/uploads\/2025\/02\/Crea-scaled-e1739901711257-730x1024.jpg\" class=\"attachment-large size-large wp-image-8749\" alt=\"\" srcset=\"https:\/\/www.lamanepartners.com\/wp-content\/uploads\/2025\/02\/Crea-scaled-e1739901711257-730x1024.jpg 730w, https:\/\/www.lamanepartners.com\/wp-content\/uploads\/2025\/02\/Crea-scaled-e1739901711257-214x300.jpg 214w, https:\/\/www.lamanepartners.com\/wp-content\/uploads\/2025\/02\/Crea-scaled-e1739901711257-768x1077.jpg 768w, https:\/\/www.lamanepartners.com\/wp-content\/uploads\/2025\/02\/Crea-scaled-e1739901711257-1096x1536.jpg 1096w, https:\/\/www.lamanepartners.com\/wp-content\/uploads\/2025\/02\/Crea-scaled-e1739901711257-1461x2048.jpg 1461w, https:\/\/www.lamanepartners.com\/wp-content\/uploads\/2025\/02\/Crea-scaled-e1739901711257-900x1262.jpg 900w, https:\/\/www.lamanepartners.com\/wp-content\/uploads\/2025\/02\/Crea-scaled-e1739901711257.jpg 1826w\" sizes=\"(max-width: 730px) 100vw, 730px\" \/>\t\t\t\t\t\t\t\t\t\t\t\t\t\t\t<\/div>\n\t\t\t\t<\/div>\n\t\t\t\t<\/div>\n\t\t\t\t\t<\/div>\n\t\t\t\t<\/div>\n\t\t\t\t<section class=\"elementor-section elementor-top-section elementor-element elementor-element-4d3d4ccf third_bg_color elementor-section-boxed elementor-section-height-default elementor-section-height-default\" data-id=\"4d3d4ccf\" data-element_type=\"section\" data-e-type=\"section\" data-settings=\"{&quot;background_background&quot;:&quot;classic&quot;}\">\n\t\t\t\t\t\t<div class=\"elementor-container elementor-column-gap-default\">\n\t\t\t\t\t<div class=\"elementor-column elementor-col-100 elementor-top-column elementor-element elementor-element-7c06fbf4\" data-id=\"7c06fbf4\" data-element_type=\"column\" data-e-type=\"column\">\n\t\t\t<div class=\"elementor-widget-wrap elementor-element-populated\">\n\t\t\t\t\t\t<div class=\"elementor-element elementor-element-7026516a elementor-widget elementor-widget-vc_cta\" data-id=\"7026516a\" data-element_type=\"widget\" data-e-type=\"widget\" data-widget_type=\"vc_cta.default\">\n\t\t\t\t<div class=\"elementor-widget-container\">\n\t\t\t\t\t\n<div class=\"ce_cta ce_cta_21972e4c36a269bae921d534f072dd36 ce_text_left third_bg_color add_button_right btn_align_right btn_button_block_true btn_has_icon btn_has_icon_on_the_right\" id=\"\">\n\t<div class=\"ce_cta__content\">\n\t\t<div class=\"ce_cta__content__header\">\n\t\t\t<h2  class='ce_cta__content__title'>Are you looking for a legal consultant?<\/h2>\t\t<\/div>\n\t\t\t<\/div>\n\n\t\t<div class=\"ce_cta__action\">\n\t\t<a\n\t\t\thref=\"https:\/\/www.lamanepartners.com\/en\/contactez-nous\/\"\n\t\t\t\t\t\ttarget=\"_self\"\n\t\t\tclass=\"button\">\n\t\t\t<span>Contact Us<\/span>\n\t\t\t\t\t\t<i class=\"fa fa-chevron-right\"><\/i>\n\t\t\t\t\t<\/a>\n\t<\/div>\n\t<\/div>\n\t\t\t\t<\/div>\n\t\t\t\t<\/div>\n\t\t\t\t\t<\/div>\n\t\t<\/div>\n\t\t\t\t\t<\/div>\n\t\t<\/section>\n\t\t\t\t<\/div>","protected":false},"excerpt":{"rendered":"<p>Recrutement Home Chez Lamane, nous croyons que la r\u00e9ussite de notre cabinet repose sur les talents et l&rsquo;engagement de nos \u00e9quipes. Nous sommes constamment \u00e0 la recherche de profils passionn\u00e9s par le droit des affaires, pr\u00eats \u00e0 relever des d\u00e9fis dans un environnement dynamique et exigeant. Rejoindre Lamane, c\u2019est int\u00e9grer une \u00e9quipe qui valorise l\u2019excellence,<\/p>","protected":false},"author":1,"featured_media":0,"parent":0,"menu_order":0,"comment_status":"closed","ping_status":"closed","template":"","meta":{"footnotes":""},"class_list":["post-8675","page","type-page","status-publish","hentry"],"_links":{"self":[{"href":"https:\/\/www.lamanepartners.com\/en\/wp-json\/wp\/v2\/pages\/8675","targetHints":{"allow":["GET"]}}],"collection":[{"href":"https:\/\/www.lamanepartners.com\/en\/wp-json\/wp\/v2\/pages"}],"about":[{"href":"https:\/\/www.lamanepartners.com\/en\/wp-json\/wp\/v2\/types\/page"}],"author":[{"embeddable":true,"href":"https:\/\/www.lamanepartners.com\/en\/wp-json\/wp\/v2\/users\/1"}],"replies":[{"embeddable":true,"href":"https:\/\/www.lamanepartners.com\/en\/wp-json\/wp\/v2\/comments?post=8675"}],"version-history":[{"count":25,"href":"https:\/\/www.lamanepartners.com\/en\/wp-json\/wp\/v2\/pages\/8675\/revisions"}],"predecessor-version":[{"id":9061,"href":"https:\/\/www.lamanepartners.com\/en\/wp-json\/wp\/v2\/pages\/8675\/revisions\/9061"}],"wp:attachment":[{"href":"https:\/\/www.lamanepartners.com\/en\/wp-json\/wp\/v2\/media?parent=8675"}],"curies":[{"name":"wp","href":"https:\/\/api.w.org\/{rel}","templated":true}]}}